{"id":216,"date":"2025-09-18T20:31:13","date_gmt":"2025-09-18T20:31:13","guid":{"rendered":"https:\/\/www.meliscakmak.com\/?page_id=216"},"modified":"2025-09-18T20:33:56","modified_gmt":"2025-09-18T20:33:56","slug":"ozgecmisim","status":"publish","type":"page","link":"https:\/\/www.meliscakmak.com\/index.php\/ozgecmisim\/","title":{"rendered":"\u00d6zge\u00e7mi\u015fim"},"content":{"rendered":"\n<p>Merhaba! Ben Psikolojik Dan\u0131\u015fman Melis \u00c7akmak. Ayd\u0131n Adnan Menderes \u00dcniversitesi Rehberlik ve Psikolojik Dan\u0131\u015fmanl\u0131k b\u00f6l\u00fcm\u00fcnden mezun oldum. Lisans hayat\u0131m boyunca akademik projelerde aktif rol alarak T\u00dcB\u0130TAK bursiyeri oldum ve Pergel E\u011fiticili\u011fi program\u0131na kat\u0131larak e\u011fitim alan\u0131nda kendimi geli\u015ftirme f\u0131rsat\u0131 buldum. Ayn\u0131 zamanda Oktaylar Psikoloji Merkezi\u2019nde staj yaparak teorik bilgilerimi prati\u011fe d\u00f6n\u00fc\u015ft\u00fcrd\u00fcm ve \u00e7e\u015fitli kongrelerde ve akademik projelerde g\u00f6n\u00fcll\u00fc olarak g\u00f6rev alarak deneyimimi geni\u015flettim.<\/p>\n\n\n\n<p>Meslek hayat\u0131m boyunca bir\u00e7ok \u00f6\u011frencimle birebir \u00e7al\u0131\u015ft\u0131m; onlar\u0131n e\u011fitim ve kariyer yolculuklar\u0131nda rehber oldum, hedeflerini belirlemelerine ve do\u011fru ad\u0131mlarla ilerlemelerine destek verdim. E\u011fitim dan\u0131\u015fmanl\u0131\u011f\u0131 s\u00fcre\u00e7lerinde \u00f6\u011frencilerimin sadece akademik ba\u015far\u0131lar\u0131na de\u011fil, ayn\u0131 zamanda motivasyonlar\u0131na, \u00f6zg\u00fcvenlerine ve ki\u015fisel geli\u015fimlerine de katk\u0131da bulunuyorum.<\/p>\n\n\n\n<p>Bu s\u00fcre\u00e7te ald\u0131\u011f\u0131m \u00e7e\u015fitli sertifikalar sayesinde hizmet yelpazemi geni\u015flettim: E\u011fitim Dan\u0131\u015fmanl\u0131\u011f\u0131 ve \u00d6\u011frenci Ko\u00e7lu\u011fu, Tercih Dan\u0131\u015fmanl\u0131\u011f\u0131 ve Kariyer Dan\u0131\u015fmanl\u0131\u011f\u0131, K\u0131sa S\u00fcreli \u00c7\u00f6z\u00fcm Odakl\u0131 Terapi Uygulay\u0131c\u0131 Sertifikas\u0131, Ergenlerde Psikoterapi Uygulamalar\u0131 E\u011fitimi ve BDT Y\u00f6nelimli S\u0131nav Kayg\u0131s\u0131 ve Ba\u015fa \u00c7\u0131kma Y\u00f6ntemleri E\u011fitimi ile \u00f6\u011frencilerime akademik ve psikolojik destek sunuyorum.<\/p>\n\n\n\n<p>Hobilerim aras\u0131nda yaz\u0131 yazmak, kitap okumak, seyahat etmek ve yemek yapmak yer al\u0131yor. Kalemim kuvvetlidir ve yazmay\u0131 \u00e7ok severim; yeni fikirleri ke\u015ffetmek, farkl\u0131 \u015fehirleri g\u00f6rmek ve k\u00fclt\u00fcrel deneyimler ya\u015famak bana ilham veriyor. \u0130ngilizceye de yatk\u0131n\u0131m ve s\u00fcrekli kendimi geli\u015ftirmeye \u00f6nem veriyorum.<\/p>\n\n\n\n<p>K\u0131sacas\u0131 ben, \u00f6\u011frencilerimin hem akademik hem de ki\u015fisel yolculuklar\u0131nda yanlar\u0131nda olan, rehberlik eden ve onlar\u0131n potansiyellerini en iyi \u015fekilde kullanmalar\u0131n\u0131 sa\u011flayan bir dan\u0131\u015fman\u0131m. Her \u00f6\u011frenciyle birlikte yeni hedefler belirlemek, onlar\u0131 motive etmek ve ba\u015far\u0131ya giden yolda ad\u0131m ad\u0131m ilerlemek benim i\u00e7in en b\u00fcy\u00fck mutluluk.<\/p>\n","protected":false},"excerpt":{"rendered":"<p>Merhaba! Ben Psikolojik Dan\u0131\u015fman Melis \u00c7akmak. Ayd\u0131n Adnan Menderes \u00dcniversitesi Rehberlik ve Psikolojik Dan\u0131\u015fmanl\u0131k b\u00f6l\u00fcm\u00fcnden mezun oldum. Lisans hayat\u0131m boyunca akademik projelerde aktif rol alarak T\u00dcB\u0130TAK bursiyeri oldum ve Pergel E\u011fiticili\u011fi program\u0131na kat\u0131larak e\u011fitim alan\u0131nda kendimi geli\u015ftirme f\u0131rsat\u0131 buldum. Ayn\u0131 zamanda Oktaylar Psikoloji Merkezi\u2019nde staj yaparak teorik bilgilerimi prati\u011fe d\u00f6n\u00fc\u015ft\u00fcrd\u00fcm ve \u00e7e\u015fitli kongrelerde ve akademik [&hellip;]<\/p>\n","protected":false},"author":1,"featured_media":0,"parent":0,"menu_order":0,"comment_status":"closed","ping_status":"closed","template":"","meta":{"saved_in_kubio":false,"footnotes":""},"class_list":["post-216","page","type-page","status-publish","hentry"],"kubio_ai_page_context":{"short_desc":"","purpose":"general"},"_links":{"self":[{"href":"https:\/\/www.meliscakmak.com\/index.php\/wp-json\/wp\/v2\/pages\/216","targetHints":{"allow":["GET"]}}],"collection":[{"href":"https:\/\/www.meliscakmak.com\/index.php\/wp-json\/wp\/v2\/pages"}],"about":[{"href":"https:\/\/www.meliscakmak.com\/index.php\/wp-json\/wp\/v2\/types\/page"}],"author":[{"embeddable":true,"href":"https:\/\/www.meliscakmak.com\/index.php\/wp-json\/wp\/v2\/users\/1"}],"replies":[{"embeddable":true,"href":"https:\/\/www.meliscakmak.com\/index.php\/wp-json\/wp\/v2\/comments?post=216"}],"version-history":[{"count":1,"href":"https:\/\/www.meliscakmak.com\/index.php\/wp-json\/wp\/v2\/pages\/216\/revisions"}],"predecessor-version":[{"id":217,"href":"https:\/\/www.meliscakmak.com\/index.php\/wp-json\/wp\/v2\/pages\/216\/revisions\/217"}],"wp:attachment":[{"href":"https:\/\/www.meliscakmak.com\/index.php\/wp-json\/wp\/v2\/media?parent=216"}],"curies":[{"name":"wp","href":"https:\/\/api.w.org\/{rel}","templated":true}]}}